{"id":76,"date":"2025-01-28T04:40:11","date_gmt":"2025-01-28T03:40:11","guid":{"rendered":"https:\/\/www.administracionjpc.cl\/?page_id=76"},"modified":"2025-01-31T02:13:25","modified_gmt":"2025-01-31T01:13:25","slug":"certificaciones","status":"publish","type":"page","link":"https:\/\/www.administracionjpc.cl\/?page_id=76","title":{"rendered":"Certificaciones"},"content":{"rendered":"\n<p class=\"wp-block-paragraph\"><\/p>\n\n\n\n<div class=\"wp-block-columns is-layout-flex wp-container-core-columns-is-layout-8f761849 wp-block-columns-is-layout-flex\">\n<div class=\"wp-block-column is-layout-flow wp-block-column-is-layout-flow\">\n<p class=\"wp-block-paragraph\">Curso Administraci\u00f3n Edificios y Condominios Universidad Cat\u00f3lica<\/p>\n<\/div>\n\n\n\n<div class=\"wp-block-column is-layout-flow wp-block-column-is-layout-flow\">\n<p class=\"wp-block-paragraph\">Inscripci\u00f3n en el Registro Nacional de Administradores de Condominios<\/p>\n<\/div>\n\n\n\n<div class=\"wp-block-column is-layout-flow wp-block-column-is-layout-flow\">\n<p class=\"wp-block-paragraph\">Sistema Control de Acceso y ZKBio CVSecurity<\/p>\n<\/div>\n<\/div>\n\n\n\n<div class=\"wp-block-columns is-layout-flex wp-container-core-columns-is-layout-8f761849 wp-block-columns-is-layout-flex\">\n<div class=\"wp-block-column is-layout-flow wp-block-column-is-layout-flow\">\n<figure class=\"wp-block-image size-full\"><a href=\"https:\/\/www.administracionjpc.cl\/wp-content\/uploads\/2025\/01\/Certificado-Curso-Administracion-de-Condominios-PUC.pdf\" target=\"_blank\" rel=\" noreferrer noopener\"><img loading=\"lazy\" decoding=\"async\" width=\"400\" height=\"400\" src=\"https:\/\/www.administracionjpc.cl\/wp-content\/uploads\/2025\/01\/f8543ece-9152-48b6-8137-771016a959a2.png\" alt=\"\" class=\"wp-image-73\" srcset=\"https:\/\/www.administracionjpc.cl\/wp-content\/uploads\/2025\/01\/f8543ece-9152-48b6-8137-771016a959a2.png 400w, https:\/\/www.administracionjpc.cl\/wp-content\/uploads\/2025\/01\/f8543ece-9152-48b6-8137-771016a959a2-300x300.png 300w, https:\/\/www.administracionjpc.cl\/wp-content\/uploads\/2025\/01\/f8543ece-9152-48b6-8137-771016a959a2-150x150.png 150w\" sizes=\"auto, (max-width: 400px) 100vw, 400px\" \/><\/a><\/figure>\n<\/div>\n\n\n\n<div class=\"wp-block-column is-layout-flow wp-block-column-is-layout-flow\"><a href=\"https:\/\/www.administracionjpc.cl\/wp-content\/uploads\/2025\/01\/Registro-Nacional-de-Administradores-de-Condominios.pdf\" class=\"pdfemb-viewer\" style=\"\" data-width=\"max\" data-height=\"max\" data-toolbar=\"bottom\" data-toolbar-fixed=\"off\">Registro-Nacional-de-Administradores-de-Condominios<\/a><\/div>\n\n\n\n<div class=\"wp-block-column is-layout-flow wp-block-column-is-layout-flow\">\n<figure class=\"wp-block-image size-full is-resized\"><a href=\"https:\/\/www.administracionjpc.cl\/wp-content\/uploads\/2025\/01\/Diploma-Participacion-CA-Juan-Cisternas.pdf\"><img loading=\"lazy\" decoding=\"async\" width=\"191\" height=\"100\" src=\"https:\/\/www.administracionjpc.cl\/wp-content\/uploads\/2025\/01\/Screenshot-2023-01-31-7.45.52-AM.png\" alt=\"\" class=\"wp-image-88\" style=\"width:274px;height:auto\"\/><\/a><\/figure>\n<\/div>\n<\/div>\n\n\n\n<div class=\"wp-block-columns is-layout-flex wp-container-core-columns-is-layout-8f761849 wp-block-columns-is-layout-flex\">\n<div class=\"wp-block-column is-layout-flow wp-block-column-is-layout-flow\"><\/div>\n\n\n\n<div class=\"wp-block-column is-layout-flow wp-block-column-is-layout-flow\"><\/div>\n\n\n\n<div class=\"wp-block-column is-layout-flow wp-block-column-is-layout-flow\"><\/div>\n<\/div>\n\n\n\n<div class=\"wp-block-columns is-layout-flex wp-container-core-columns-is-layout-8f761849 wp-block-columns-is-layout-flex\">\n<div class=\"wp-block-column is-layout-flow wp-block-column-is-layout-flow\">\n<p class=\"wp-block-paragraph\">Ingenier\u00eda en Automatizaci\u00f3n Industrial<\/p>\n\n\n\n<figure class=\"wp-block-image size-full\"><a href=\"https:\/\/www.administracionjpc.cl\/wp-content\/uploads\/2025\/01\/Certificado-Titulo-Duoc-1.pdf\"><img loading=\"lazy\" decoding=\"async\" width=\"398\" height=\"337\" src=\"https:\/\/www.administracionjpc.cl\/wp-content\/uploads\/2025\/01\/Logo-duoc.jpg\" alt=\"\" class=\"wp-image-97\" srcset=\"https:\/\/www.administracionjpc.cl\/wp-content\/uploads\/2025\/01\/Logo-duoc.jpg 398w, https:\/\/www.administracionjpc.cl\/wp-content\/uploads\/2025\/01\/Logo-duoc-300x254.jpg 300w\" sizes=\"auto, (max-width: 398px) 100vw, 398px\" \/><\/a><\/figure>\n<\/div>\n\n\n\n<div class=\"wp-block-column is-layout-flow wp-block-column-is-layout-flow\">\n<p class=\"wp-block-paragraph\">Mag\u00edster en Ingenier\u00eda Industrial y Sistemas<\/p>\n\n\n\n<figure class=\"wp-block-image size-full\"><a href=\"https:\/\/www.administracionjpc.cl\/wp-content\/uploads\/2025\/01\/Certificado-Titulo-MIIS-1.pdf\"><img loading=\"lazy\" decoding=\"async\" width=\"500\" height=\"500\" src=\"https:\/\/www.administracionjpc.cl\/wp-content\/uploads\/2025\/01\/logo-universidad-del-desarrollo.webp\" alt=\"\" class=\"wp-image-98\" srcset=\"https:\/\/www.administracionjpc.cl\/wp-content\/uploads\/2025\/01\/logo-universidad-del-desarrollo.webp 500w, https:\/\/www.administracionjpc.cl\/wp-content\/uploads\/2025\/01\/logo-universidad-del-desarrollo-300x300.webp 300w, https:\/\/www.administracionjpc.cl\/wp-content\/uploads\/2025\/01\/logo-universidad-del-desarrollo-150x150.webp 150w\" sizes=\"auto, (max-width: 500px) 100vw, 500px\" \/><\/a><\/figure>\n<\/div>\n\n\n\n<div class=\"wp-block-column is-layout-flow wp-block-column-is-layout-flow\">\n<p class=\"wp-block-paragraph\">Instalador El\u00e9ctrico SEC Clase A<\/p>\n\n\n\n<figure class=\"wp-block-image size-full\"><a href=\"https:\/\/www.administracionjpc.cl\/wp-content\/uploads\/2025\/01\/Certificado_Sec_13672216-1.pdf\"><img loading=\"lazy\" decoding=\"async\" width=\"225\" height=\"225\" src=\"https:\/\/www.administracionjpc.cl\/wp-content\/uploads\/2025\/01\/descarga.jpeg\" alt=\"\" class=\"wp-image-87\" srcset=\"https:\/\/www.administracionjpc.cl\/wp-content\/uploads\/2025\/01\/descarga.jpeg 225w, https:\/\/www.administracionjpc.cl\/wp-content\/uploads\/2025\/01\/descarga-150x150.jpeg 150w\" sizes=\"auto, (max-width: 225px) 100vw, 225px\" \/><\/a><\/figure>\n<\/div>\n<\/div>\n","protected":false},"excerpt":{"rendered":"<p>Curso Administraci\u00f3n Edificios y Condominios Universidad Cat\u00f3lica Inscripci\u00f3n en el Registro Nacional de [&hellip;]<\/p>\n","protected":false},"author":1,"featured_media":0,"parent":0,"menu_order":0,"comment_status":"closed","ping_status":"closed","template":"","meta":{"_crdt_document":"","footnotes":""},"class_list":["post-76","page","type-page","status-publish","hentry"],"_links":{"self":[{"href":"https:\/\/www.administracionjpc.cl\/index.php?rest_route=\/wp\/v2\/pages\/76","targetHints":{"allow":["GET"]}}],"collection":[{"href":"https:\/\/www.administracionjpc.cl\/index.php?rest_route=\/wp\/v2\/pages"}],"about":[{"href":"https:\/\/www.administracionjpc.cl\/index.php?rest_route=\/wp\/v2\/types\/page"}],"author":[{"embeddable":true,"href":"https:\/\/www.administracionjpc.cl\/index.php?rest_route=\/wp\/v2\/users\/1"}],"replies":[{"embeddable":true,"href":"https:\/\/www.administracionjpc.cl\/index.php?rest_route=%2Fwp%2Fv2%2Fcomments&post=76"}],"version-history":[{"count":9,"href":"https:\/\/www.administracionjpc.cl\/index.php?rest_route=\/wp\/v2\/pages\/76\/revisions"}],"predecessor-version":[{"id":124,"href":"https:\/\/www.administracionjpc.cl\/index.php?rest_route=\/wp\/v2\/pages\/76\/revisions\/124"}],"wp:attachment":[{"href":"https:\/\/www.administracionjpc.cl\/index.php?rest_route=%2Fwp%2Fv2%2Fmedia&parent=76"}],"curies":[{"name":"wp","href":"https:\/\/api.w.org\/{rel}","templated":true}]}}