{"id":3,"date":"2025-01-26T13:23:06","date_gmt":"2025-01-26T12:23:06","guid":{"rendered":"https:\/\/www.administracionjpc.cl\/?page_id=2"},"modified":"2026-03-14T20:31:56","modified_gmt":"2026-03-14T23:31:56","slug":"pagina-ejemplo","status":"publish","type":"page","link":"https:\/\/www.administracionjpc.cl\/?page_id=3","title":{"rendered":"Quienes somos"},"content":{"rendered":"\n<p class=\"wp-block-paragraph\">En <strong>Administraci\u00f3n JPC<\/strong>, somos expertos en la administraci\u00f3n integral de <strong>edificios y condominios<\/strong>, con a\u00f1os de experiencia y una formaci\u00f3n especializada que nos permite ofrecer soluciones efectivas y adaptadas a las necesidades de cada comunidad.<\/p>\n\n\n\n<p class=\"wp-block-paragraph\"><strong>\u00bfPor qu\u00e9 elegirnos?<\/strong><\/p>\n\n\n\n<p class=\"wp-block-paragraph\"><strong>Certificaci\u00f3n Profesional<\/strong>: Como administrador de edificios certificado por la <strong>Universidad Cat\u00f3lica de Chile<\/strong>, y con formaci\u00f3n de alto nivel como <strong>Ingeniero en Automatizaci\u00f3n Industrial y Mag\u00edster en Ingenier\u00eda Industrial y Sistemas<\/strong>, brindamos un servicio respaldado por la mejor preparaci\u00f3n acad\u00e9mica.<\/p>\n\n\n\n<p class=\"wp-block-paragraph\"><strong>Experiencia Comprobada en el \u00e1rea de Operaciones<\/strong>: Con una s\u00f3lida trayectoria en \u00e1reas clave como <strong>operaciones, tecnolog\u00eda, electricidad, automatizaci\u00f3n<\/strong> <strong>y mantenci\u00f3n,<\/strong> tenemos la capacidad para optimizar el funcionamiento de tu edificio o condominio, garantizando eficiencia y reducci\u00f3n de costos.<\/p>\n\n\n\n<p class=\"wp-block-paragraph\"><strong>Soluciones Integrales<\/strong>: Nuestra gesti\u00f3n abarca todos los aspectos necesarios para el correcto funcionamiento: administraci\u00f3n de servicios, mantenimiento preventivo y correctivo, control de presupuestos, gesti\u00f3n de personal y optimizaci\u00f3n de sistemas tecnol\u00f3gicos, entre otros.<\/p>\n\n\n\n<p class=\"wp-block-paragraph\"><strong>Asesor\u00eda Legal y Contable:<\/strong> Contamos con la colaboraci\u00f3n de <strong>abogados y contadores<\/strong> especializados para ofrecerte un servicio completo en la <strong>gesti\u00f3n de recursos humanos<\/strong>, <strong>resoluci\u00f3n de conflictos y asesor\u00eda legal en todos los aspectos relacionados con la administraci\u00f3n de edificios y condominios<\/strong>. Esta alianza garantiza que todas las decisiones est\u00e9n bien fundamentadas y cumplan con la normativa vigente.<\/p>\n\n\n\n<p class=\"wp-block-paragraph\"><strong>Compromiso con la Calidad:<\/strong> En <strong>Administraci\u00f3n JPC<\/strong>, entendemos que cada cliente tiene necesidades particulares. Nos adaptamos a cada situaci\u00f3n para asegurar que la operaci\u00f3n de tu edificio o condominio sea segura y sostenible a largo plazo.<\/p>\n\n\n\n<p class=\"wp-block-paragraph\">Cont\u00e1ctanos y asegura la estabilidad de tu edificio o condominio con una administraci\u00f3n eficiente, con experiencia en operaciones, profesional y con respaldo legal y contable.<\/p>\n\n\n\n<p class=\"wp-block-paragraph\"><\/p>\n","protected":false},"excerpt":{"rendered":"<p>En Administraci\u00f3n JPC, somos expertos en la administraci\u00f3n integral de edificios y condominios, [&hellip;]<\/p>\n","protected":false},"author":1,"featured_media":0,"parent":0,"menu_order":0,"comment_status":"closed","ping_status":"open","template":"","meta":{"_crdt_document":"","footnotes":""},"class_list":["post-3","page","type-page","status-publish","hentry"],"_links":{"self":[{"href":"https:\/\/www.administracionjpc.cl\/index.php?rest_route=\/wp\/v2\/pages\/3","targetHints":{"allow":["GET"]}}],"collection":[{"href":"https:\/\/www.administracionjpc.cl\/index.php?rest_route=\/wp\/v2\/pages"}],"about":[{"href":"https:\/\/www.administracionjpc.cl\/index.php?rest_route=\/wp\/v2\/types\/page"}],"author":[{"embeddable":true,"href":"https:\/\/www.administracionjpc.cl\/index.php?rest_route=\/wp\/v2\/users\/1"}],"replies":[{"embeddable":true,"href":"https:\/\/www.administracionjpc.cl\/index.php?rest_route=%2Fwp%2Fv2%2Fcomments&post=3"}],"version-history":[{"count":3,"href":"https:\/\/www.administracionjpc.cl\/index.php?rest_route=\/wp\/v2\/pages\/3\/revisions"}],"predecessor-version":[{"id":358,"href":"https:\/\/www.administracionjpc.cl\/index.php?rest_route=\/wp\/v2\/pages\/3\/revisions\/358"}],"wp:attachment":[{"href":"https:\/\/www.administracionjpc.cl\/index.php?rest_route=%2Fwp%2Fv2%2Fmedia&parent=3"}],"curies":[{"name":"wp","href":"https:\/\/api.w.org\/{rel}","templated":true}]}}